{"id":5116,"date":"2021-11-06T12:52:34","date_gmt":"2021-11-06T11:52:34","guid":{"rendered":"https:\/\/prueba.webclaud.com\/presentation\/"},"modified":"2024-07-29T12:02:07","modified_gmt":"2024-07-29T11:02:07","slug":"presentation","status":"publish","type":"page","link":"https:\/\/prueba.webclaud.com\/en\/presentation\/","title":{"rendered":"Presentation"},"content":{"rendered":"<div class=\"wpb-content-wrapper\"><p>[vc_row bg_type=&#8221;image&#8221; parallax_style=&#8221;vcpb-default&#8221; bg_image_new=&#8221;id^2699|url^https:\/\/prueba.webclaud.com\/wp-content\/uploads\/2021\/04\/JG_Ingenieros.jpg|caption^Empresa de consultor\u00eda e ingenier\u00eda de edificaci\u00f3n|alt^null|title^Building|description^null&#8221; bg_image_repeat=&#8221;no-repeat&#8221; bg_override=&#8221;ex-full&#8221; enable_overlay=&#8221;enable_overlay_value&#8221; overlay_color=&#8221;rgba(0,0,0,0.5)&#8221; css=&#8221;.vc_custom_1619085072428{padding-top: 200px !important;padding-bottom: 50px !important;}&#8221; el_class=&#8221;align-center-mobile&#8221;][vc_column css_animation=&#8221;fadeInUp&#8221;][vc_custom_heading text=&#8221;Who we are&#8221; font_container=&#8221;tag:h1|text_align:center|color:%23ffffff&#8221; use_theme_fonts=&#8221;yes&#8221;]<div class=\"ult-spacer spacer-6a01de9fbd30e\" data-id=\"6a01de9fbd30e\" data-height=\"80\" data-height-mobile=\"60\" data-height-tab=\"\" data-height-tab-portrait=\"\" data-height-mobile-landscape=\"60\" style=\"clear:both;display:block;\"><\/div>[\/vc_column][\/vc_row][vc_row full_width=&#8221;stretch_row_content&#8221; css_animation=&#8221;fadeInDown&#8221; css=&#8221;.vc_custom_1617638106980{padding-top: 60px !important;padding-bottom: 60px !important;}&#8221; el_class=&#8221;absolute-element&#8221;][vc_column]<div id=\"ultimate-heading-64656a01de9fbd370\" class=\"uvc-heading ult-adjust-bottom-margin ultimate-heading-64656a01de9fbd370 uvc-1501 \" data-hspacer=\"line_only\"  data-halign=\"center\" style=\"text-align:center\"><div class=\"uvc-heading-spacer line_only\" style=\"topheight:80px;\"><span class=\"uvc-headings-line\" style=\"border-style:solid;border-bottom-width:80px;border-color:#0a0a0a;width:1px;\"><\/span><\/div><\/div>[\/vc_column][\/vc_row][vc_row css_animation=&#8221;fadeInUp&#8221; bg_type=&#8221;image&#8221; parallax_style=&#8221;vcpb-default&#8221; bg_image_new=&#8221;id^850|url^https:\/\/prueba.webclaud.com\/wp-content\/uploads\/2020\/04\/plants3-01.svg|caption^null|alt^null|title^plants3-01|description^null&#8221; bg_override=&#8221;full&#8221;][vc_column css_animation=&#8221;fadeInUp&#8221; width=&#8221;1\/6&#8243;][\/vc_column][vc_column width=&#8221;2\/3&#8243;][vc_column_text]JG Ingenieros, S.A. is a building engineering and consulting company, founded in 1970 in Barcelona by Juan Gallostra Pedemonte. We have a team of 170 professionals working in our offices in Spain, Chile, Peru, Panama and Morocco.<\/p>\n<p>We provide technical consultancy, design, construction supervision and assistance services for the operation of large buildings or buildings with very high technical requirements.[\/vc_column_text]<div class=\"ult-spacer spacer-6a01de9fbd3c4\" data-id=\"6a01de9fbd3c4\" data-height=\"40\" data-height-mobile=\"40\" data-height-tab=\"40\" data-height-tab-portrait=\"40\" data-height-mobile-landscape=\"40\" style=\"clear:both;display:block;\"><\/div><section class='special_tabs text horizontal'><div class='tab-selector col-xs-12 col-sm-12'><\/div><div class='tab-container col-xs-12 col-sm-12' style='margin-left:0px;'><\/div><div class='label 1'><div class='architek_icon_special_tabs'><i class='fa linearicons-archery'><\/i><\/div><div class='title'><a>Misi\u00f3n<\/a><\/div><div class='divider-vertical-tabs'><\/div><\/div><div class='content 1'><p>[vc_row_inner][vc_column_inner][vc_custom_heading text=&#8221;Our Mission&#8221; font_container=&#8221;tag:h4|text_align:left&#8221; use_theme_fonts=&#8221;yes&#8221;][vc_column_text]We provide engineering and building consulting services to contribute to people&#8217;s well-being, improved productivity and environmental sustainability.[\/vc_column_text][\/vc_column_inner][\/vc_row_inner]<\/p>\n<\/div><div class='label 2'><div class='architek_icon_special_tabs'><i class='fa linearicons-eye'><\/i><\/div><div class='title'><a>Visi\u00f3n<\/a><\/div><div class='divider-vertical-tabs'><\/div><\/div><div class='content 2'><p>[vc_row_inner][vc_column_inner][vc_custom_heading text=&#8221;Our vision&#8221; font_container=&#8221;tag:h4|text_align:left&#8221; use_theme_fonts=&#8221;yes&#8221;][vc_column_text]We aspire to be an international engineering reference in highly complex buildings.[\/vc_column_text][\/vc_column_inner][\/vc_row_inner]<\/p>\n<\/div><div class='label 3'><div class='architek_icon_special_tabs'><i class='fa linearicons-balance'><\/i><\/div><div class='title'><a>Valores<\/a><\/div><div class='divider-vertical-tabs'><\/div><\/div><div class='content 3'><p>[vc_row_inner][vc_column_inner][vc_custom_heading text=&#8221;Our values&#8221; font_container=&#8221;tag:h4|text_align:left&#8221; use_theme_fonts=&#8221;yes&#8221;][vc_column_text]<\/p>\n<ul>\n<li>We carry out our <strong>work<\/strong> with proven effectiveness and economic efficiency<\/li>\n<li>We serve our <strong>clients<\/strong> with the most rigorous independence and with the maximum commitment<\/li>\n<li>We are a <strong>team<\/strong> of innovative and passionate professionals<\/li>\n<\/ul>\n<p>[\/vc_column_text][\/vc_column_inner][\/vc_row_inner]<\/p>\n<\/div><div class='label 4'><div class='architek_icon_special_tabs'><i class='fa linearicons-pencil-ruler'><\/i><\/div><div class='title'><a>Estrategia<\/a><\/div><div class='divider-vertical-tabs'><\/div><\/div><div class='content 4'><p>[vc_row_inner][vc_column_inner][vc_custom_heading text=&#8221;Our strategy&#8221; font_container=&#8221;tag:h4|text_align:left&#8221; use_theme_fonts=&#8221;yes&#8221;][vc_column_text]<\/p>\n<ul>\n<li>We provide our professional services from a sustainability, technology and management perspective.<\/li>\n<\/ul>\n<ul>\n<li>We aspire to be the preferred collaborators of our finalist clients: cover most of the needs of their projects, accompany them throughout the life cycle of their buildings.<\/li>\n<\/ul>\n<p>[\/vc_column_text][\/vc_column_inner][\/vc_row_inner]<\/p>\n<\/div>\n<\/section><div class=\"ult-spacer spacer-6a01de9fbd72e\" data-id=\"6a01de9fbd72e\" data-height=\"60\" data-height-mobile=\"20\" data-height-tab=\"40\" data-height-tab-portrait=\"40\" data-height-mobile-landscape=\"20\" style=\"clear:both;display:block;\"><\/div>[\/vc_column][vc_column width=&#8221;1\/6&#8243;][\/vc_column][\/vc_row][vc_row full_width=&#8221;stretch_row_content&#8221; css_animation=&#8221;fadeInDown&#8221; css=&#8221;.vc_custom_1620725099077{padding-top: 40px !important;padding-bottom: 60px !important;}&#8221; el_class=&#8221;absolute-element&#8221;][vc_column]<div id=\"ultimate-heading-17326a01de9fbd767\" class=\"uvc-heading ult-adjust-bottom-margin ultimate-heading-17326a01de9fbd767 uvc-8391 \" data-hspacer=\"line_only\"  data-halign=\"center\" style=\"text-align:center\"><div class=\"uvc-heading-spacer line_only\" style=\"topheight:80px;\"><span class=\"uvc-headings-line\" style=\"border-style:solid;border-bottom-width:80px;border-color:#0a0a0a;width:1px;\"><\/span><\/div><\/div>[\/vc_column][\/vc_row][vc_section css_animation=&#8221;fadeInUp&#8221;][vc_row css_animation=&#8221;none&#8221; bg_type=&#8221;bg_color&#8221; bg_override=&#8221;ex-full&#8221; css=&#8221;.vc_custom_1620046539607{padding-top: 80px !important;padding-bottom: 80px !important;}&#8221; bg_color_value=&#8221;rgba(0,0,0,0.06)&#8221;][vc_column css_animation=&#8221;none&#8221;][vc_row_inner][vc_column_inner width=&#8221;1\/6&#8243;][\/vc_column_inner][vc_column_inner width=&#8221;2\/3&#8243;][vc_custom_heading text=&#8221;History&#8221; font_container=&#8221;tag:h3|text_align:center|color:%23002f87&#8243; use_theme_fonts=&#8221;yes&#8221; css_animation=&#8221;none&#8221;]<div class=\"jstime timeline_preloader\" style=\"opacity:0;width:35px;margin:auto;margin-top:30px;\"><img decoding=\"async\" style=\"box-shadow:none;\" alt=\"timeline_pre_loader\" src=\"https:\/\/prueba.webclaud.com\/wp-content\/plugins\/Ultimate_VC_Addons\/modules\/..\/assets\/img\/timeline_pre-loader.gif\" \/><\/div><div class=\"smile-icon-timeline-wrap jstime   tl-animation-slide-up\"  data-time_sep_bg_color=\"#002f87\" data-time_block_bg_color=\"#f0f0f0\"  style=\"opacity:0; \"><div class=\"timeline-line \" style=\"border-right-color:#191919;\"><span><\/span><\/div><div class=\"timeline-wrapper\"><\/div>\n\t\t\t\t<div id=\"timeline-seperator-4854\" class=\"timeline-separator-text \" data-sep-col=\"#ffffff\" data-sep-bg-col=\"\"><span class=\"sep-text ult-responsive\"  data-ultimate-target='#timeline-seperator-4854 .sep-text'  data-responsive-json-new='{\"font-size\":\"desktop:20px;\",\"line-height\":\"\"}'  style=\"color:#ffffff;border-style:solid;border-color:#000000;border-width:1px;border-radius:2px;font-family:&#039;Lato&#039;;font-weight:700;\">1970 - 2022<\/span><\/div><div class=\"timeline-wrapper \"><div class=\"timeline-block \"><div class=\"timeline-dot\"><\/div><div class=\"ult-timeline-arrow\"><s><\/s><l><\/l><\/div><div class=\"timeline-icon-block\"><div class=\"ult-timeline-icon tl-icon-no-bg\" style=\"   \"><\/div> <!-- icon --><\/div><div class=\"timeline-header-block\" >\n\t\t\t\t\t\t\t<div id=\"timeline-item-5141\" class=\"timeline-header\" style=\"\"><h5 class=\"ult-timeline-title ult-responsive\"  data-ultimate-target='#timeline-item-5141 .ult-timeline-title'  data-responsive-json-new='{\"font-size\":\"\",\"line-height\":\"\"}'  style=\"\">1970<\/h5><div class=\"ult-responsive timeline-item-spt\"  data-ultimate-target='#timeline-item-5141 .timeline-item-spt'  data-responsive-json-new='{\"font-size\":\"desktop:16px;\",\"line-height\":\"\"}'  style=\"font-family:&#039;Lato&#039;;\"><\/p>\n<div><span lang=\"ES-TRAD\">Juan Gallostra Pedemonte starts his activity as a consulting engineer of facilities in Barcelona.<\/span><\/div>\n<p><\/div><\/div> <!-- header --><\/div><\/div><div class=\"timeline-block \"><div class=\"timeline-dot\"><\/div><div class=\"ult-timeline-arrow\"><s><\/s><l><\/l><\/div><div class=\"timeline-icon-block\"><div class=\"ult-timeline-icon tl-icon-no-bg\" style=\"   \"><\/div> <!-- icon --><\/div><div class=\"timeline-header-block\" >\n\t\t\t\t\t\t\t<div id=\"timeline-item-1607\" class=\"timeline-header\" style=\"\"><h5 class=\"ult-timeline-title ult-responsive\"  data-ultimate-target='#timeline-item-1607 .ult-timeline-title'  data-responsive-json-new='{\"font-size\":\"\",\"line-height\":\"\"}'  style=\"\">1988<\/h5><div class=\"ult-responsive timeline-item-spt\"  data-ultimate-target='#timeline-item-1607 .timeline-item-spt'  data-responsive-json-new='{\"font-size\":\"desktop:16px;\",\"line-height\":\"\"}'  style=\"font-family:&#039;Lato&#039;;\">New office: JG Zaragoza.<\/div><\/div> <!-- header --><\/div><\/div><div class=\"timeline-block \"><div class=\"timeline-dot\"><\/div><div class=\"ult-timeline-arrow\"><s><\/s><l><\/l><\/div><div class=\"timeline-icon-block\"><div class=\"ult-timeline-icon tl-icon-no-bg\" style=\"   \"><\/div> <!-- icon --><\/div><div class=\"timeline-header-block\" >\n\t\t\t\t\t\t\t<div id=\"timeline-item-5097\" class=\"timeline-header\" style=\"\"><h5 class=\"ult-timeline-title ult-responsive\"  data-ultimate-target='#timeline-item-5097 .ult-timeline-title'  data-responsive-json-new='{\"font-size\":\"\",\"line-height\":\"\"}'  style=\"\">1990<\/h5><div class=\"ult-responsive timeline-item-spt\"  data-ultimate-target='#timeline-item-5097 .timeline-item-spt'  data-responsive-json-new='{\"font-size\":\"desktop:16px;\",\"line-height\":\"\"}'  style=\"font-family:&#039;Lato&#039;;\">New offices: JG Sevilla and JG Madrid<br \/>\nNew company: Test JG<\/div><\/div> <!-- header --><\/div><\/div><div class=\"timeline-block \"><div class=\"timeline-dot\"><\/div><div class=\"ult-timeline-arrow\"><s><\/s><l><\/l><\/div><div class=\"timeline-icon-block\"><div class=\"ult-timeline-icon tl-icon-no-bg\" style=\"   \"><\/div> <!-- icon --><\/div><div class=\"timeline-header-block\" >\n\t\t\t\t\t\t\t<div id=\"timeline-item-2691\" class=\"timeline-header\" style=\"\"><h5 class=\"ult-timeline-title ult-responsive\"  data-ultimate-target='#timeline-item-2691 .ult-timeline-title'  data-responsive-json-new='{\"font-size\":\"\",\"line-height\":\"\"}'  style=\"\">1991<\/h5><div class=\"ult-responsive timeline-item-spt\"  data-ultimate-target='#timeline-item-2691 .timeline-item-spt'  data-responsive-json-new='{\"font-size\":\"desktop:16px;\",\"line-height\":\"\"}'  style=\"font-family:&#039;Lato&#039;;\">Establishment of the First Q Network, a group of European engineering companies.<\/div><\/div> <!-- header --><\/div><\/div><div class=\"timeline-block \"><div class=\"timeline-dot\"><\/div><div class=\"ult-timeline-arrow\"><s><\/s><l><\/l><\/div><div class=\"timeline-icon-block\"><div class=\"ult-timeline-icon tl-icon-no-bg\" style=\"   \"><\/div> <!-- icon --><\/div><div class=\"timeline-header-block\" >\n\t\t\t\t\t\t\t<div id=\"timeline-item-3638\" class=\"timeline-header\" style=\"\"><h5 class=\"ult-timeline-title ult-responsive\"  data-ultimate-target='#timeline-item-3638 .ult-timeline-title'  data-responsive-json-new='{\"font-size\":\"\",\"line-height\":\"\"}'  style=\"\">2001<\/h5><div class=\"ult-responsive timeline-item-spt\"  data-ultimate-target='#timeline-item-3638 .timeline-item-spt'  data-responsive-json-new='{\"font-size\":\"desktop:16px;\",\"line-height\":\"\"}'  style=\"font-family:&#039;Lato&#039;;\">Constitution of the UPC-JG Chair for the sustainability of building facilities.<br \/>\nNew company: Hospitecnia computer portal (together with Pinearq).<\/div><\/div> <!-- header --><\/div><\/div><div class=\"timeline-block \"><div class=\"timeline-dot\"><\/div><div class=\"ult-timeline-arrow\"><s><\/s><l><\/l><\/div><div class=\"timeline-icon-block\"><div class=\"ult-timeline-icon tl-icon-no-bg\" style=\"   \"><\/div> <!-- icon --><\/div><div class=\"timeline-header-block\" >\n\t\t\t\t\t\t\t<div id=\"timeline-item-3212\" class=\"timeline-header\" style=\"\"><h5 class=\"ult-timeline-title ult-responsive\"  data-ultimate-target='#timeline-item-3212 .ult-timeline-title'  data-responsive-json-new='{\"font-size\":\"\",\"line-height\":\"\"}'  style=\"\">2003<\/h5><div class=\"ult-responsive timeline-item-spt\"  data-ultimate-target='#timeline-item-3212 .timeline-item-spt'  data-responsive-json-new='{\"font-size\":\"desktop:16px;\",\"line-height\":\"\"}'  style=\"font-family:&#039;Lato&#039;;\"><\/p>\n<div><span lang=\"ES-TRAD\">New office: JG Pamplona.<\/span><\/div>\n<p><\/div><\/div> <!-- header --><\/div><\/div><div class=\"timeline-block \"><div class=\"timeline-dot\"><\/div><div class=\"ult-timeline-arrow\"><s><\/s><l><\/l><\/div><div class=\"timeline-icon-block\"><div class=\"ult-timeline-icon tl-icon-no-bg\" style=\"   \"><\/div> <!-- icon --><\/div><div class=\"timeline-header-block\" >\n\t\t\t\t\t\t\t<div id=\"timeline-item-1656\" class=\"timeline-header\" style=\"\"><h5 class=\"ult-timeline-title ult-responsive\"  data-ultimate-target='#timeline-item-1656 .ult-timeline-title'  data-responsive-json-new='{\"font-size\":\"\",\"line-height\":\"\"}'  style=\"\">2011<\/h5><div class=\"ult-responsive timeline-item-spt\"  data-ultimate-target='#timeline-item-1656 .timeline-item-spt'  data-responsive-json-new='{\"font-size\":\"desktop:16px;\",\"line-height\":\"\"}'  style=\"font-family:&#039;Lato&#039;;\">New offices: JG Morocco and JG Peru.<\/div><\/div> <!-- header --><\/div><\/div><div class=\"timeline-block \"><div class=\"timeline-dot\"><\/div><div class=\"ult-timeline-arrow\"><s><\/s><l><\/l><\/div><div class=\"timeline-icon-block\"><div class=\"ult-timeline-icon tl-icon-no-bg\" style=\"   \"><\/div> <!-- icon --><\/div><div class=\"timeline-header-block\" >\n\t\t\t\t\t\t\t<div id=\"timeline-item-6036\" class=\"timeline-header\" style=\"\"><h5 class=\"ult-timeline-title ult-responsive\"  data-ultimate-target='#timeline-item-6036 .ult-timeline-title'  data-responsive-json-new='{\"font-size\":\"\",\"line-height\":\"\"}'  style=\"\">2015<\/h5><div class=\"ult-responsive timeline-item-spt\"  data-ultimate-target='#timeline-item-6036 .timeline-item-spt'  data-responsive-json-new='{\"font-size\":\"desktop:16px;\",\"line-height\":\"\"}'  style=\"font-family:&#039;Lato&#039;;\"><\/p>\n<div><span lang=\"ES-TRAD\">New office: JG Panama.<\/span><\/div>\n<p><\/div><\/div> <!-- header --><\/div><\/div><div class=\"timeline-block \"><div class=\"timeline-dot\"><\/div><div class=\"ult-timeline-arrow\"><s><\/s><l><\/l><\/div><div class=\"timeline-icon-block\"><div class=\"ult-timeline-icon tl-icon-no-bg\" style=\"   \"><\/div> <!-- icon --><\/div><div class=\"timeline-header-block\" >\n\t\t\t\t\t\t\t<div id=\"timeline-item-2618\" class=\"timeline-header\" style=\"\"><h5 class=\"ult-timeline-title ult-responsive\"  data-ultimate-target='#timeline-item-2618 .ult-timeline-title'  data-responsive-json-new='{\"font-size\":\"\",\"line-height\":\"\"}'  style=\"\">2017<\/h5><div class=\"ult-responsive timeline-item-spt\"  data-ultimate-target='#timeline-item-2618 .timeline-item-spt'  data-responsive-json-new='{\"font-size\":\"desktop:16px;\",\"line-height\":\"\"}'  style=\"font-family:&#039;Lato&#039;;\">Juan Gallostra Isern, new president of JG Ingenieros.<\/div><\/div> <!-- header --><\/div><\/div><div class=\"timeline-block \"><div class=\"timeline-dot\"><\/div><div class=\"ult-timeline-arrow\"><s><\/s><l><\/l><\/div><div class=\"timeline-icon-block\"><div class=\"ult-timeline-icon tl-icon-no-bg\" style=\"   \"><\/div> <!-- icon --><\/div><div class=\"timeline-header-block\" >\n\t\t\t\t\t\t\t<div id=\"timeline-item-6969\" class=\"timeline-header\" style=\"\"><h5 class=\"ult-timeline-title ult-responsive\"  data-ultimate-target='#timeline-item-6969 .ult-timeline-title'  data-responsive-json-new='{\"font-size\":\"\",\"line-height\":\"\"}'  style=\"\">2020<\/h5><div class=\"ult-responsive timeline-item-spt\"  data-ultimate-target='#timeline-item-6969 .timeline-item-spt'  data-responsive-json-new='{\"font-size\":\"desktop:16px;\",\"line-height\":\"\"}'  style=\"font-family:&#039;Lato&#039;;\"><strong>50th anniversary:<\/strong> \u200b\u200bBuilding the Future.<\/div><\/div> <!-- header --><\/div><\/div><div class=\"timeline-block \"><div class=\"timeline-dot\"><\/div><div class=\"ult-timeline-arrow\"><s><\/s><l><\/l><\/div><div class=\"timeline-icon-block\"><div class=\"ult-timeline-icon tl-icon-no-bg\" style=\"   \"><\/div> <!-- icon --><\/div><div class=\"timeline-header-block\" >\n\t\t\t\t\t\t\t<div id=\"timeline-item-8122\" class=\"timeline-header\" style=\"\"><h5 class=\"ult-timeline-title ult-responsive\"  data-ultimate-target='#timeline-item-8122 .ult-timeline-title'  data-responsive-json-new='{\"font-size\":\"\",\"line-height\":\"\"}'  style=\"\">2022<\/h5><div class=\"ult-responsive timeline-item-spt\"  data-ultimate-target='#timeline-item-8122 .timeline-item-spt'  data-responsive-json-new='{\"font-size\":\"desktop:16px;\",\"line-height\":\"\"}'  style=\"font-family:&#039;Lato&#039;;\">New office: JG Chile.<\/div><\/div> <!-- header --><\/div><\/div><\/div><\/div><div class=\"ult-spacer spacer-6a01de9fbdf38\" data-id=\"6a01de9fbdf38\" data-height=\"40\" data-height-mobile=\"40\" data-height-tab=\"40\" data-height-tab-portrait=\"40\" data-height-mobile-landscape=\"40\" style=\"clear:both;display:block;\"><\/div>[vc_video link=&#8221;https:\/\/www.youtube.com\/watch?v=M4VlwtXaOYw&amp;t=19s&#8221; align=&#8221;center&#8221; css_animation=&#8221;fadeInUp&#8221;][\/vc_column_inner][vc_column_inner width=&#8221;1\/6&#8243;][\/vc_column_inner][\/vc_row_inner][\/vc_column][\/vc_row][\/vc_section][vc_row disable_element=&#8221;yes&#8221; bg_type=&#8221;bg_color&#8221; bg_override=&#8221;ex-full&#8221; css=&#8221;.vc_custom_1620725439854{padding-top: 80px !important;padding-bottom: 80px !important;}&#8221; bg_color_value=&#8221;#ffffff&#8221;][vc_column][vc_custom_heading text=&#8221;Building the future&#8221; font_container=&#8221;tag:h3|text_align:center|line_height:1.3em&#8221; use_theme_fonts=&#8221;yes&#8221;][vc_custom_heading text=&#8221;We project ourselves with enthusiasm forward, building the future.&#8221; font_container=&#8221;tag:p|font_size:20px|text_align:center&#8221; use_theme_fonts=&#8221;yes&#8221;][vc_btn title=&#8221;CONTACT US&#8221; style=&#8221;outline-custom&#8221; outline_custom_color=&#8221;#212121&#8243; outline_custom_hover_background=&#8221;#212121&#8243; outline_custom_hover_text=&#8221;#ffffff&#8221; shape=&#8221;square&#8221; size=&#8221;sm&#8221; align=&#8221;center&#8221; css_animation=&#8221;bottom-to-top&#8221; link=&#8221;url:https%3A%2F%2Fprueba.webclaud.com%2Fcontact%2F|title:Contact|&#8221;]<div class=\"smile-icon-timeline-wrap csstime   \"     style=\"\"><div class=\"timeline-line \" style=\"border-right-color:;\"><span><\/span><\/div><div class=\"timeline-wrapper\"><\/div>\n\t\t\t\t<div id=\"timeline-seperator-9765\" class=\"timeline-separator-text \" data-sep-col=\"#ffffff\" data-sep-bg-col=\"\"><span class=\"sep-text ult-responsive\"  data-ultimate-target='#timeline-seperator-9765 .sep-text'  data-responsive-json-new='{\"font-size\":\"desktop:20px;\",\"line-height\":\"\"}'  style=\"color:#ffffff;border-style:solid;border-color:#000000;border-width:1px;border-radius:2px;font-family:&#039;Lato&#039;;font-weight:700;\">2020<\/span><\/div><div class=\"timeline-wrapper \"><\/div><div class=\"timeline-feature-item feat-item  \"><div class=\"feat-dot \"><div class=\"timeline-dot\"><\/div><\/div><div class=\"ult-timeline-arrow \"><s><\/s><l><\/l><\/div><div class=\"timeline-icon-block\"><div class=\"ult-timeline-icon tl-icon-no-bg\" style=\"   \"><\/div> <!-- icon --><\/div><div class=\"timeline-header-block\" >\n\t\t\t\t\t\t\t<div class=\"timeline-header\" id=\"timeline-featured-2782\"  style=\"\"><h5\n\t\t\t class=\"ult-timeline-title ult-responsive\"   data-ultimate-target='#timeline-featured-2782 .ult-timeline-title'  data-responsive-json-new='{\"font-size\":\"\",\"line-height\":\"\"}'  style=\"\">50th anniversary<\/h5><div class=\"ult-responsive custom-lht\"  data-ultimate-target='#timeline-featured-2782 .custom-lht'  data-responsive-json-new='{\"font-size\":\"desktop:16px;\",\"line-height\":\"\"}'  style=\"\">Building the Future.<\/div><\/div> <!-- header --><\/div><\/div><div class=\"timeline-wrapper \"><\/div><\/div>[\/vc_column][\/vc_row][vc_row css_animation=&#8221;fadeInDown&#8221; css=&#8221;.vc_custom_1620725661594{padding-top: 60px !important;padding-bottom: 60px !important;}&#8221;][vc_column]<div id=\"ultimate-heading-97396a01de9fbe079\" class=\"uvc-heading ult-adjust-bottom-margin ultimate-heading-97396a01de9fbe079 uvc-2785 \" data-hspacer=\"line_only\"  data-halign=\"center\" style=\"text-align:center\"><div class=\"uvc-heading-spacer line_only\" style=\"topheight:80px;\"><span class=\"uvc-headings-line\" style=\"border-style:solid;border-bottom-width:80px;border-color:#0a0a0a;width:1px;\"><\/span><\/div><\/div>[\/vc_column][\/vc_row]<\/p>\n<\/div>","protected":false},"excerpt":{"rendered":"<p>[vc_row bg_type=&#8221;image&#8221; parallax_style=&#8221;vcpb-default&#8221; bg_image_new=&#8221;id^2699|url^https:\/\/prueba.webclaud.com\/wp-content\/uploads\/2021\/04\/JG_Ingenieros.jpg|caption^Empresa de consultor\u00eda e ingenier\u00eda de edificaci\u00f3n|alt^null|title^Building|description^null&#8221; bg_image_repeat=&#8221;no-repeat&#8221; bg_override=&#8221;ex-full&#8221; enable_overlay=&#8221;enable_overlay_value&#8221; overlay_color=&#8221;rgba(0,0,0,0.5)&#8221; css=&#8221;.vc_custom_1619085072428{padding-top: 200px !important;padding-bottom: 50px !important;}&#8221; el_class=&#8221;align-center-mobile&#8221;][vc_column css_animation=&#8221;fadeInUp&#8221;][vc_custom_heading text=&#8221;Who we are&#8221; font_container=&#8221;tag:h1|text_align:center|color:%23ffffff&#8221; use_theme_fonts=&#8221;yes&#8221;][\/vc_column][\/vc_row][vc_row full_width=&#8221;stretch_row_content&#8221; css_animation=&#8221;fadeInDown&#8221; css=&#8221;.vc_custom_1617638106980{padding-top: 60px !important;padding-bottom: 60px !important;}&#8221; el_class=&#8221;absolute-element&#8221;][vc_column][\/vc_column][\/vc_row][vc_row css_animation=&#8221;fadeInUp&#8221; bg_type=&#8221;image&#8221; parallax_style=&#8221;vcpb-default&#8221; bg_image_new=&#8221;id^850|url^https:\/\/prueba.webclaud.com\/wp-content\/uploads\/2020\/04\/plants3-01.svg|caption^null|alt^null|title^plants3-01|description^null&#8221; bg_override=&#8221;full&#8221;][vc_column css_animation=&#8221;fadeInUp&#8221; width=&#8221;1\/6&#8243;][\/vc_column][vc_column width=&#8221;2\/3&#8243;][vc_column_text]JG Ingenieros, S.A. is a building engineering and consulting company, founded in 1970 in [&hellip;]<\/p>\n","protected":false},"author":3,"featured_media":0,"parent":0,"menu_order":0,"comment_status":"closed","ping_status":"closed","template":"page.php","meta":{"_acf_changed":false,"footnotes":""},"class_list":["post-5116","page","type-page","status-publish","hentry"],"acf":[],"_links":{"self":[{"href":"https:\/\/prueba.webclaud.com\/en\/wp-json\/wp\/v2\/pages\/5116","targetHints":{"allow":["GET"]}}],"collection":[{"href":"https:\/\/prueba.webclaud.com\/en\/wp-json\/wp\/v2\/pages"}],"about":[{"href":"https:\/\/prueba.webclaud.com\/en\/wp-json\/wp\/v2\/types\/page"}],"author":[{"embeddable":true,"href":"https:\/\/prueba.webclaud.com\/en\/wp-json\/wp\/v2\/users\/3"}],"replies":[{"embeddable":true,"href":"https:\/\/prueba.webclaud.com\/en\/wp-json\/wp\/v2\/comments?post=5116"}],"version-history":[{"count":26,"href":"https:\/\/prueba.webclaud.com\/en\/wp-json\/wp\/v2\/pages\/5116\/revisions"}],"predecessor-version":[{"id":8777,"href":"https:\/\/prueba.webclaud.com\/en\/wp-json\/wp\/v2\/pages\/5116\/revisions\/8777"}],"wp:attachment":[{"href":"https:\/\/prueba.webclaud.com\/en\/wp-json\/wp\/v2\/media?parent=5116"}],"curies":[{"name":"wp","href":"https:\/\/api.w.org\/{rel}","templated":true}]}}